{"id":600,"date":"2022-06-11T10:50:36","date_gmt":"2022-06-11T10:50:36","guid":{"rendered":"https:\/\/www.artem.com.tr\/en\/?page_id=600"},"modified":"2022-09-09T13:02:39","modified_gmt":"2022-09-09T13:02:39","slug":"frido-kose","status":"publish","type":"page","link":"https:\/\/www.artem.com.tr\/en\/frido-kose\/","title":{"rendered":"Frido K\u00f6\u015fe Tak\u0131m\u0131"},"content":{"rendered":"<p>[vc_row content_placement=&#8221;top&#8221; css=&#8221;.vc_custom_1661766893125{margin-top: 50px !important;padding-top: 120px !important;}&#8221;][vc_column width=&#8221;2\/3&#8243; offset=&#8221;vc_hidden-sm vc_hidden-xs&#8221;][vc_single_image image=&#8221;1960&#8243; img_size=&#8221;full&#8221; alignment=&#8221;center&#8221; style=&#8221;vc_box_border&#8221; onclick=&#8221;img_link_large&#8221; lightbox=&#8221;yes&#8221; image_gallery=&#8221;yes&#8221; zoom_icon=&#8221;yes&#8221; hover_effect=&#8221;yes&#8221; animation_delay=&#8221;850&#8243; animation_type=&#8221;slideInUp&#8221;][vc_single_image image=&#8221;1961&#8243; img_size=&#8221;full&#8221; alignment=&#8221;center&#8221; style=&#8221;vc_box_border&#8221; onclick=&#8221;img_link_large&#8221; lightbox=&#8221;yes&#8221; image_gallery=&#8221;yes&#8221; zoom_icon=&#8221;yes&#8221; hover_effect=&#8221;yes&#8221; animation_delay=&#8221;850&#8243; animation_type=&#8221;slideInUp&#8221;][vc_single_image image=&#8221;1962&#8243; img_size=&#8221;full&#8221; alignment=&#8221;center&#8221; style=&#8221;vc_box_border&#8221; onclick=&#8221;img_link_large&#8221; lightbox=&#8221;yes&#8221; image_gallery=&#8221;yes&#8221; zoom_icon=&#8221;yes&#8221; hover_effect=&#8221;yes&#8221; animation_delay=&#8221;850&#8243; animation_type=&#8221;slideInUp&#8221;][vc_single_image image=&#8221;1963&#8243; img_size=&#8221;full&#8221; alignment=&#8221;center&#8221; style=&#8221;vc_box_border&#8221; onclick=&#8221;img_link_large&#8221; lightbox=&#8221;yes&#8221; image_gallery=&#8221;yes&#8221; zoom_icon=&#8221;yes&#8221; hover_effect=&#8221;yes&#8221; animation_delay=&#8221;850&#8243; animation_type=&#8221;slideInUp&#8221;][vc_single_image image=&#8221;1964&#8243; img_size=&#8221;full&#8221; alignment=&#8221;center&#8221; style=&#8221;vc_box_border&#8221; onclick=&#8221;img_link_large&#8221; lightbox=&#8221;yes&#8221; image_gallery=&#8221;yes&#8221; zoom_icon=&#8221;yes&#8221; hover_effect=&#8221;yes&#8221; animation_delay=&#8221;850&#8243; animation_type=&#8221;slideInUp&#8221;][vc_single_image image=&#8221;1965&#8243; img_size=&#8221;full&#8221; alignment=&#8221;center&#8221; style=&#8221;vc_box_border&#8221; onclick=&#8221;img_link_large&#8221; lightbox=&#8221;yes&#8221; image_gallery=&#8221;yes&#8221; zoom_icon=&#8221;yes&#8221; hover_effect=&#8221;yes&#8221; animation_delay=&#8221;850&#8243; animation_type=&#8221;slideInUp&#8221;][vc_single_image image=&#8221;1966&#8243; img_size=&#8221;full&#8221; alignment=&#8221;center&#8221; style=&#8221;vc_box_border&#8221; onclick=&#8221;img_link_large&#8221; lightbox=&#8221;yes&#8221; image_gallery=&#8221;yes&#8221; zoom_icon=&#8221;yes&#8221; hover_effect=&#8221;yes&#8221; animation_delay=&#8221;850&#8243; animation_type=&#8221;slideInUp&#8221;][\/vc_column][vc_column width=&#8221;1\/3&#8243; text_align=&#8221;justify&#8221; is_sticky=&#8221;yes&#8221; sticky_min_width=&#8221;767&#8243; sticky_top=&#8221;110&#8243; sticky_bottom=&#8221;0&#8243; offset=&#8221;vc_hidden-sm vc_hidden-xs&#8221; css=&#8221;.vc_custom_1661766888492{padding-top: 90px !important;}&#8221;][vc_custom_heading text=&#8221;FR\u0130DO&#8221; font_container=&#8221;tag:h2|font_size:72|text_align:center&#8221; use_theme_fonts=&#8221;yes&#8221; text_transform=&#8221;text-uppercase&#8221; font_weight=&#8221;200&#8243; letter_spacing=&#8221;3&#8243; css=&#8221;.vc_custom_1657004001495{padding-top: 30px !important;}&#8221;][vc_separator color=&#8221;custom&#8221; border_width=&#8221;3&#8243; el_width=&#8221;10&#8243; accent_color=&#8221;#dda52c&#8221; css=&#8221;.vc_custom_1657004006574{margin-top: -15px !important;}&#8221;][vc_custom_heading text=&#8221;\u201cStylish and Comfortable\u201d&#8221; font_container=&#8221;tag:h2|font_size:30|text_align:center&#8221; use_theme_fonts=&#8221;yes&#8221; text_transform=&#8221;text-capitalize&#8221; font_weight=&#8221;400&#8243; letter_spacing=&#8221;2&#8243; css=&#8221;.vc_custom_1662728494947{margin-top: -15px !important;}&#8221;][vc_custom_heading text=&#8221;Maximum Comfort and Impressive Details Are Together&#8221; font_container=&#8221;tag:h2|font_size:36|text_align:left|color:%23000000|line_height:1&#8243; use_theme_fonts=&#8221;yes&#8221; font_weight=&#8221;700&#8243; letter_spacing=&#8221;4&#8243;][vc_column_text el_class=&#8221;featured lead&#8221;]We want to add a new style to your living room with a comfortable and stylish <strong>Frido<\/strong> Corner Set. The large metal legs perfectly match the design and the texture of the fabric. Different colour combinations are available.[\/vc_column_text][vc_btn title=&#8221;PRODUCT SIZES&#8221; style=&#8221;3d&#8221; color=&#8221;black&#8221; size=&#8221;xl&#8221; link=&#8221;url:https%3A%2F%2Fwww.artem.com.tr\/en%2Fwp-content%2Fuploads%2F2022%2F08%2Fmodern-kose-frido.pdf|target:_blank&#8221;][\/vc_column][\/vc_row][vc_row][vc_column width=&#8221;1\/3&#8243; text_align=&#8221;justify&#8221; offset=&#8221;vc_hidden-lg vc_hidden-md&#8221;][vc_custom_heading text=&#8221;FR\u0130DO&#8221; font_container=&#8221;tag:h2|font_size:72|text_align:center&#8221; use_theme_fonts=&#8221;yes&#8221; text_transform=&#8221;text-uppercase&#8221; font_weight=&#8221;200&#8243; letter_spacing=&#8221;3&#8243; css=&#8221;.vc_custom_1657003980199{padding-top: 10px !important;}&#8221;][vc_separator color=&#8221;custom&#8221; border_width=&#8221;3&#8243; el_width=&#8221;10&#8243; accent_color=&#8221;#dda52c&#8221;][vc_custom_heading text=&#8221;\u201cStylish and Comfortable\u201d&#8221; font_container=&#8221;tag:h2|font_size:30|text_align:center&#8221; use_theme_fonts=&#8221;yes&#8221; text_transform=&#8221;text-capitalize&#8221; font_weight=&#8221;400&#8243; letter_spacing=&#8221;2&#8243; css=&#8221;.vc_custom_1662728494947{margin-top: -15px !important;}&#8221;][vc_custom_heading text=&#8221;Maximum Comfort and Impressive Details Are Together&#8221; font_container=&#8221;tag:h2|font_size:36|text_align:left|color:%23000000|line_height:1&#8243; use_theme_fonts=&#8221;yes&#8221; font_weight=&#8221;700&#8243; letter_spacing=&#8221;4&#8243;][vc_column_text el_class=&#8221;featured lead&#8221;]We want to add a new style to your living room with a comfortable and stylish <strong>Frido<\/strong> Corner Set. The large metal legs perfectly match the design and the texture of the fabric. Different colour combinations are available.[\/vc_column_text][vc_btn title=&#8221;PRODUCT SIZES&#8221; style=&#8221;3d&#8221; color=&#8221;black&#8221; size=&#8221;xl&#8221; link=&#8221;url:https%3A%2F%2Fwww.artem.com.tr\/en%2Fwp-content%2Fuploads%2F2022%2F08%2Fmodern-kose-frido.pdf|target:_blank&#8221;][\/vc_column][vc_column width=&#8221;2\/3&#8243; offset=&#8221;vc_hidden-lg vc_hidden-md&#8221;][vc_single_image image=&#8221;604&#8243; img_size=&#8221;full&#8221; alignment=&#8221;center&#8221; style=&#8221;vc_box_border&#8221; onclick=&#8221;img_link_large&#8221; lightbox=&#8221;yes&#8221; image_gallery=&#8221;yes&#8221; zoom_icon=&#8221;yes&#8221; hover_effect=&#8221;yes&#8221; animation_delay=&#8221;100&#8243; animation_type=&#8221;slideInUp&#8221;][vc_single_image image=&#8221;607&#8243; img_size=&#8221;full&#8221; alignment=&#8221;center&#8221; style=&#8221;vc_box_border&#8221; onclick=&#8221;img_link_large&#8221; lightbox=&#8221;yes&#8221; image_gallery=&#8221;yes&#8221; zoom_icon=&#8221;yes&#8221; hover_effect=&#8221;yes&#8221; animation_delay=&#8221;250&#8243; animation_type=&#8221;slideInUp&#8221;][vc_single_image image=&#8221;608&#8243; img_size=&#8221;full&#8221; alignment=&#8221;center&#8221; style=&#8221;vc_box_border&#8221; onclick=&#8221;img_link_large&#8221; lightbox=&#8221;yes&#8221; image_gallery=&#8221;yes&#8221; zoom_icon=&#8221;yes&#8221; hover_effect=&#8221;yes&#8221; animation_delay=&#8221;400&#8243; animation_type=&#8221;slideInUp&#8221;][vc_single_image image=&#8221;609&#8243; img_size=&#8221;full&#8221; alignment=&#8221;center&#8221; style=&#8221;vc_box_border&#8221; onclick=&#8221;img_link_large&#8221; lightbox=&#8221;yes&#8221; image_gallery=&#8221;yes&#8221; zoom_icon=&#8221;yes&#8221; hover_effect=&#8221;yes&#8221; animation_delay=&#8221;550&#8243; animation_type=&#8221;slideInUp&#8221;][vc_single_image image=&#8221;610&#8243; img_size=&#8221;full&#8221; alignment=&#8221;center&#8221; style=&#8221;vc_box_border&#8221; onclick=&#8221;img_link_large&#8221; lightbox=&#8221;yes&#8221; image_gallery=&#8221;yes&#8221; zoom_icon=&#8221;yes&#8221; hover_effect=&#8221;yes&#8221; animation_delay=&#8221;700&#8243; animation_type=&#8221;slideInUp&#8221;][vc_single_image image=&#8221;611&#8243; img_size=&#8221;full&#8221; alignment=&#8221;center&#8221; style=&#8221;vc_box_border&#8221; onclick=&#8221;img_link_large&#8221; lightbox=&#8221;yes&#8221; image_gallery=&#8221;yes&#8221; zoom_icon=&#8221;yes&#8221; hover_effect=&#8221;yes&#8221; animation_delay=&#8221;850&#8243; animation_type=&#8221;slideInUp&#8221;][\/vc_column][\/vc_row]<\/p>\n","protected":false},"excerpt":{"rendered":"<p>[vc_row content_placement=&#8221;top&#8221; css=&#8221;.vc_custom_1661766893125{margin-top: 50px !important;padding-top: 120px !important;}&#8221;][vc_column width=&#8221;2\/3&#8243; offset=&#8221;vc_hidden-sm vc_hidden-xs&#8221;][vc_single_image image=&#8221;1960&#8243; img_size=&#8221;full&#8221; alignment=&#8221;center&#8221; style=&#8221;vc_box_border&#8221; onclick=&#8221;img_link_large&#8221; lightbox=&#8221;yes&#8221; image_gallery=&#8221;yes&#8221; zoom_icon=&#8221;yes&#8221; hover_effect=&#8221;yes&#8221; animation_delay=&#8221;850&#8243; animation_type=&#8221;slideInUp&#8221;][vc_single_image image=&#8221;1961&#8243; img_size=&#8221;full&#8221; alignment=&#8221;center&#8221; style=&#8221;vc_box_border&#8221; onclick=&#8221;img_link_large&#8221; lightbox=&#8221;yes&#8221; image_gallery=&#8221;yes&#8221; zoom_icon=&#8221;yes&#8221; hover_effect=&#8221;yes&#8221; animation_delay=&#8221;850&#8243; animation_type=&#8221;slideInUp&#8221;][vc_single_image image=&#8221;1962&#8243; img_size=&#8221;full&#8221; alignment=&#8221;center&#8221; style=&#8221;vc_box_border&#8221; onclick=&#8221;img_link_large&#8221; lightbox=&#8221;yes&#8221; image_gallery=&#8221;yes&#8221; zoom_icon=&#8221;yes&#8221; hover_effect=&#8221;yes&#8221; animation_delay=&#8221;850&#8243; animation_type=&#8221;slideInUp&#8221;][vc_single_image image=&#8221;1963&#8243; img_size=&#8221;full&#8221; alignment=&#8221;center&#8221; style=&#8221;vc_box_border&#8221; onclick=&#8221;img_link_large&#8221; lightbox=&#8221;yes&#8221; image_gallery=&#8221;yes&#8221; zoom_icon=&#8221;yes&#8221; hover_effect=&#8221;yes&#8221; animation_delay=&#8221;850&#8243; animation_type=&#8221;slideInUp&#8221;][vc_single_image image=&#8221;1964&#8243; [&hellip;]<\/p>\n","protected":false},"author":1,"featured_media":0,"parent":0,"menu_order":0,"comment_status":"closed","ping_status":"closed","template":"","meta":{"ngg_post_thumbnail":0,"footnotes":""},"class_list":["post-600","page","type-page","status-publish","hentry"],"yoast_head":"<!-- This site is optimized with the Yoast SEO plugin v19.6.1 - https:\/\/yoast.com\/wordpress\/plugins\/seo\/ -->\n<title>Frido K\u00f6\u015fe Tak\u0131m\u0131 - Artem Koltuk<\/title>\n<meta name=\"robots\" content=\"index, follow, max-snippet:-1, max-image-preview:large, max-video-preview:-1\" \/>\n<link rel=\"canonical\" href=\"https:\/\/www.artem.com.tr\/en\/frido-kose\/\" \/>\n<meta property=\"og:locale\" content=\"en_US\" \/>\n<meta property=\"og:type\" content=\"article\" \/>\n<meta property=\"og:title\" content=\"Frido K\u00f6\u015fe Tak\u0131m\u0131 - Artem Koltuk\" \/>\n<meta property=\"og:description\" content=\"[vc_row content_placement=&#8221;top&#8221; css=&#8221;.vc_custom_1661766893125{margin-top: 50px !important;padding-top: 120px !important;}&#8221;][vc_column width=&#8221;2\/3&#8243; offset=&#8221;vc_hidden-sm vc_hidden-xs&#8221;][vc_single_image image=&#8221;1960&#8243; img_size=&#8221;full&#8221; alignment=&#8221;center&#8221; style=&#8221;vc_box_border&#8221; onclick=&#8221;img_link_large&#8221; lightbox=&#8221;yes&#8221; image_gallery=&#8221;yes&#8221; zoom_icon=&#8221;yes&#8221; hover_effect=&#8221;yes&#8221; animation_delay=&#8221;850&#8243; animation_type=&#8221;slideInUp&#8221;][vc_single_image image=&#8221;1961&#8243; img_size=&#8221;full&#8221; alignment=&#8221;center&#8221; style=&#8221;vc_box_border&#8221; onclick=&#8221;img_link_large&#8221; lightbox=&#8221;yes&#8221; image_gallery=&#8221;yes&#8221; zoom_icon=&#8221;yes&#8221; hover_effect=&#8221;yes&#8221; animation_delay=&#8221;850&#8243; animation_type=&#8221;slideInUp&#8221;][vc_single_image image=&#8221;1962&#8243; img_size=&#8221;full&#8221; alignment=&#8221;center&#8221; style=&#8221;vc_box_border&#8221; onclick=&#8221;img_link_large&#8221; lightbox=&#8221;yes&#8221; image_gallery=&#8221;yes&#8221; zoom_icon=&#8221;yes&#8221; hover_effect=&#8221;yes&#8221; animation_delay=&#8221;850&#8243; animation_type=&#8221;slideInUp&#8221;][vc_single_image image=&#8221;1963&#8243; img_size=&#8221;full&#8221; alignment=&#8221;center&#8221; style=&#8221;vc_box_border&#8221; onclick=&#8221;img_link_large&#8221; lightbox=&#8221;yes&#8221; image_gallery=&#8221;yes&#8221; zoom_icon=&#8221;yes&#8221; hover_effect=&#8221;yes&#8221; animation_delay=&#8221;850&#8243; animation_type=&#8221;slideInUp&#8221;][vc_single_image image=&#8221;1964&#8243; [&hellip;]\" \/>\n<meta property=\"og:url\" content=\"https:\/\/www.artem.com.tr\/en\/frido-kose\/\" \/>\n<meta property=\"og:site_name\" content=\"Artem Koltuk\" \/>\n<meta property=\"article:publisher\" content=\"https:\/\/www.facebook.com\/artemsofadesign\" \/>\n<meta property=\"article:modified_time\" content=\"2022-09-09T13:02:39+00:00\" \/>\n<meta name=\"twitter:card\" content=\"summary_large_image\" \/>\n<meta name=\"twitter:site\" content=\"@artemsofadesign\" \/>\n<meta name=\"twitter:label1\" content=\"Est. reading time\" \/>\n\t<meta name=\"twitter:data1\" content=\"3 minutes\" \/>\n<script type=\"application\/ld+json\" class=\"yoast-schema-graph\">{\"@context\":\"https:\/\/schema.org\",\"@graph\":[{\"@type\":\"WebPage\",\"@id\":\"https:\/\/www.artem.com.tr\/en\/frido-kose\/\",\"url\":\"https:\/\/www.artem.com.tr\/en\/frido-kose\/\",\"name\":\"Frido K\u00f6\u015fe Tak\u0131m\u0131 - Artem Koltuk\",\"isPartOf\":{\"@id\":\"https:\/\/www.artem.com.tr\/en\/#website\"},\"datePublished\":\"2022-06-11T10:50:36+00:00\",\"dateModified\":\"2022-09-09T13:02:39+00:00\",\"breadcrumb\":{\"@id\":\"https:\/\/www.artem.com.tr\/en\/frido-kose\/#breadcrumb\"},\"inLanguage\":\"en-US\",\"potentialAction\":[{\"@type\":\"ReadAction\",\"target\":[\"https:\/\/www.artem.com.tr\/en\/frido-kose\/\"]}]},{\"@type\":\"BreadcrumbList\",\"@id\":\"https:\/\/www.artem.com.tr\/en\/frido-kose\/#breadcrumb\",\"itemListElement\":[{\"@type\":\"ListItem\",\"position\":1,\"name\":\"Anasayfa\",\"item\":\"https:\/\/www.artem.com.tr\/en\/\"},{\"@type\":\"ListItem\",\"position\":2,\"name\":\"Frido K\u00f6\u015fe Tak\u0131m\u0131\"}]},{\"@type\":\"WebSite\",\"@id\":\"https:\/\/www.artem.com.tr\/en\/#website\",\"url\":\"https:\/\/www.artem.com.tr\/en\/\",\"name\":\"Artem Koltuk\",\"description\":\"Artem Koltuk\",\"potentialAction\":[{\"@type\":\"SearchAction\",\"target\":{\"@type\":\"EntryPoint\",\"urlTemplate\":\"https:\/\/www.artem.com.tr\/en\/?s={search_term_string}\"},\"query-input\":\"required name=search_term_string\"}],\"inLanguage\":\"en-US\"}]}<\/script>\n<!-- \/ Yoast SEO plugin. -->","yoast_head_json":{"title":"Frido K\u00f6\u015fe Tak\u0131m\u0131 - Artem Koltuk","robots":{"index":"index","follow":"follow","max-snippet":"max-snippet:-1","max-image-preview":"max-image-preview:large","max-video-preview":"max-video-preview:-1"},"canonical":"https:\/\/www.artem.com.tr\/en\/frido-kose\/","og_locale":"en_US","og_type":"article","og_title":"Frido K\u00f6\u015fe Tak\u0131m\u0131 - Artem Koltuk","og_description":"[vc_row content_placement=&#8221;top&#8221; css=&#8221;.vc_custom_1661766893125{margin-top: 50px !important;padding-top: 120px !important;}&#8221;][vc_column width=&#8221;2\/3&#8243; offset=&#8221;vc_hidden-sm vc_hidden-xs&#8221;][vc_single_image image=&#8221;1960&#8243; img_size=&#8221;full&#8221; alignment=&#8221;center&#8221; style=&#8221;vc_box_border&#8221; onclick=&#8221;img_link_large&#8221; lightbox=&#8221;yes&#8221; image_gallery=&#8221;yes&#8221; zoom_icon=&#8221;yes&#8221; hover_effect=&#8221;yes&#8221; animation_delay=&#8221;850&#8243; animation_type=&#8221;slideInUp&#8221;][vc_single_image image=&#8221;1961&#8243; img_size=&#8221;full&#8221; alignment=&#8221;center&#8221; style=&#8221;vc_box_border&#8221; onclick=&#8221;img_link_large&#8221; lightbox=&#8221;yes&#8221; image_gallery=&#8221;yes&#8221; zoom_icon=&#8221;yes&#8221; hover_effect=&#8221;yes&#8221; animation_delay=&#8221;850&#8243; animation_type=&#8221;slideInUp&#8221;][vc_single_image image=&#8221;1962&#8243; img_size=&#8221;full&#8221; alignment=&#8221;center&#8221; style=&#8221;vc_box_border&#8221; onclick=&#8221;img_link_large&#8221; lightbox=&#8221;yes&#8221; image_gallery=&#8221;yes&#8221; zoom_icon=&#8221;yes&#8221; hover_effect=&#8221;yes&#8221; animation_delay=&#8221;850&#8243; animation_type=&#8221;slideInUp&#8221;][vc_single_image image=&#8221;1963&#8243; img_size=&#8221;full&#8221; alignment=&#8221;center&#8221; style=&#8221;vc_box_border&#8221; onclick=&#8221;img_link_large&#8221; lightbox=&#8221;yes&#8221; image_gallery=&#8221;yes&#8221; zoom_icon=&#8221;yes&#8221; hover_effect=&#8221;yes&#8221; animation_delay=&#8221;850&#8243; animation_type=&#8221;slideInUp&#8221;][vc_single_image image=&#8221;1964&#8243; [&hellip;]","og_url":"https:\/\/www.artem.com.tr\/en\/frido-kose\/","og_site_name":"Artem Koltuk","article_publisher":"https:\/\/www.facebook.com\/artemsofadesign","article_modified_time":"2022-09-09T13:02:39+00:00","twitter_card":"summary_large_image","twitter_site":"@artemsofadesign","twitter_misc":{"Est. reading time":"3 minutes"},"schema":{"@context":"https:\/\/schema.org","@graph":[{"@type":"WebPage","@id":"https:\/\/www.artem.com.tr\/en\/frido-kose\/","url":"https:\/\/www.artem.com.tr\/en\/frido-kose\/","name":"Frido K\u00f6\u015fe Tak\u0131m\u0131 - Artem Koltuk","isPartOf":{"@id":"https:\/\/www.artem.com.tr\/en\/#website"},"datePublished":"2022-06-11T10:50:36+00:00","dateModified":"2022-09-09T13:02:39+00:00","breadcrumb":{"@id":"https:\/\/www.artem.com.tr\/en\/frido-kose\/#breadcrumb"},"inLanguage":"en-US","potentialAction":[{"@type":"ReadAction","target":["https:\/\/www.artem.com.tr\/en\/frido-kose\/"]}]},{"@type":"BreadcrumbList","@id":"https:\/\/www.artem.com.tr\/en\/frido-kose\/#breadcrumb","itemListElement":[{"@type":"ListItem","position":1,"name":"Anasayfa","item":"https:\/\/www.artem.com.tr\/en\/"},{"@type":"ListItem","position":2,"name":"Frido K\u00f6\u015fe Tak\u0131m\u0131"}]},{"@type":"WebSite","@id":"https:\/\/www.artem.com.tr\/en\/#website","url":"https:\/\/www.artem.com.tr\/en\/","name":"Artem Koltuk","description":"Artem Koltuk","potentialAction":[{"@type":"SearchAction","target":{"@type":"EntryPoint","urlTemplate":"https:\/\/www.artem.com.tr\/en\/?s={search_term_string}"},"query-input":"required name=search_term_string"}],"inLanguage":"en-US"}]}},"_links":{"self":[{"href":"https:\/\/www.artem.com.tr\/en\/wp-json\/wp\/v2\/pages\/600","targetHints":{"allow":["GET"]}}],"collection":[{"href":"https:\/\/www.artem.com.tr\/en\/wp-json\/wp\/v2\/pages"}],"about":[{"href":"https:\/\/www.artem.com.tr\/en\/wp-json\/wp\/v2\/types\/page"}],"author":[{"embeddable":true,"href":"https:\/\/www.artem.com.tr\/en\/wp-json\/wp\/v2\/users\/1"}],"replies":[{"embeddable":true,"href":"https:\/\/www.artem.com.tr\/en\/wp-json\/wp\/v2\/comments?post=600"}],"version-history":[{"count":15,"href":"https:\/\/www.artem.com.tr\/en\/wp-json\/wp\/v2\/pages\/600\/revisions"}],"predecessor-version":[{"id":5402,"href":"https:\/\/www.artem.com.tr\/en\/wp-json\/wp\/v2\/pages\/600\/revisions\/5402"}],"wp:attachment":[{"href":"https:\/\/www.artem.com.tr\/en\/wp-json\/wp\/v2\/media?parent=600"}],"curies":[{"name":"wp","href":"https:\/\/api.w.org\/{rel}","templated":true}]}}